{"id":649,"date":"2017-02-28T17:41:43","date_gmt":"2017-02-28T17:41:43","guid":{"rendered":"http:\/\/www.mehem.ee\/?page_id=649"},"modified":"2017-03-15T22:14:18","modified_gmt":"2017-03-15T22:14:18","slug":"tsitaad","status":"publish","type":"page","link":"https:\/\/mehem.ee\/et\/tsitaad\/","title":{"rendered":"tekst jutum\u00e4rkides"},"content":{"rendered":"<blockquote>\n<p style=\"text-align: center;\"><span style=\"font-family: Allura; font-size: 28px;\">See kes\u00a0t\u00f6\u00f6tab k\u00e4tega on t\u00f6\u00f6line;<\/span><br \/>\n<span style=\"font-family: Allura; font-size: 28px;\"> see kes t\u00f6\u00f6tab k\u00e4te ja m\u00f5istusega on meister;<\/span><br \/>\n<span style=\"font-family: Arsenal;\"><span style=\"font-family: Allura; font-size: 28px;\"> ent see kes t\u00f6\u00f6tab k\u00e4te, m\u00f5istuse ja s\u00fcdamega on kunstnik \u00a0<\/span>\u2014\u00a0<\/span><span style=\"font-family: Arsenal; font-size: 10px;\">Louis Nizer<\/span><\/p>\n<p>&nbsp;<\/p><\/blockquote>\n","protected":false},"excerpt":{"rendered":"<p>See kes\u00a0t\u00f6\u00f6tab k\u00e4tega on t\u00f6\u00f6line; see kes t\u00f6\u00f6tab k\u00e4te ja m\u00f5istusega on meister; ent see kes t\u00f6\u00f6tab k\u00e4te, m\u00f5istuse ja s\u00fcdamega on kunstnik \u00a0\u2014\u00a0Louis Nizer &nbsp;<\/p>\n","protected":false},"author":1,"featured_media":0,"parent":0,"menu_order":0,"comment_status":"closed","ping_status":"closed","template":"","meta":{"footnotes":""},"tags":[],"class_list":["post-649","page","type-page","status-publish","hentry"],"_links":{"self":[{"href":"https:\/\/mehem.ee\/et\/wp-json\/wp\/v2\/pages\/649","targetHints":{"allow":["GET"]}}],"collection":[{"href":"https:\/\/mehem.ee\/et\/wp-json\/wp\/v2\/pages"}],"about":[{"href":"https:\/\/mehem.ee\/et\/wp-json\/wp\/v2\/types\/page"}],"author":[{"embeddable":true,"href":"https:\/\/mehem.ee\/et\/wp-json\/wp\/v2\/users\/1"}],"replies":[{"embeddable":true,"href":"https:\/\/mehem.ee\/et\/wp-json\/wp\/v2\/comments?post=649"}],"version-history":[{"count":5,"href":"https:\/\/mehem.ee\/et\/wp-json\/wp\/v2\/pages\/649\/revisions"}],"predecessor-version":[{"id":1261,"href":"https:\/\/mehem.ee\/et\/wp-json\/wp\/v2\/pages\/649\/revisions\/1261"}],"wp:attachment":[{"href":"https:\/\/mehem.ee\/et\/wp-json\/wp\/v2\/media?parent=649"}],"wp:term":[{"taxonomy":"post_tag","embeddable":true,"href":"https:\/\/mehem.ee\/et\/wp-json\/wp\/v2\/tags?post=649"}],"curies":[{"name":"wp","href":"https:\/\/api.w.org\/{rel}","templated":true}]}}