{"id":303,"date":"2017-02-24T18:49:54","date_gmt":"2017-02-24T18:49:54","guid":{"rendered":"http:\/\/www.mehem.ee\/?page_id=303"},"modified":"2018-11-09T11:12:06","modified_gmt":"2018-11-09T09:12:06","slug":"restaureerimine_konsultatsioon","status":"publish","type":"page","link":"https:\/\/mehem.ee\/et\/restaureerimine_konsultatsioon\/","title":{"rendered":"Restaureerimine ja konsultatsioon"},"content":{"rendered":"<p style=\"text-align: center;\"><span style=\"color: #000000; font-size: 20px; font-family: Sintony;\">Teostame ajaloom\u00e4lestiste (hoonete) ja ehitism\u00e4lestiste konserveerimise ja restaureerimise t\u00f6id:<\/span><\/p>\n<p style=\"text-align: center;\"><span style=\"color: #000000; font-size: 20px; font-family: Sintony;\"><br \/>\nm\u00fc\u00fcride valdkonnas;<br \/>\npuitelementide ja puitdetailide valdkonnas;<br \/>\npuitkatuste ja roogkatuste valdkonnas.\u00a0<\/span><\/p>\n<p style=\"text-align: center;\"><span style=\"color: #000000;\"><span style=\"font-size: 20px; font-family: Sintony;\">Samuti pakume muinsuskaitselist j\u00e4relevalve teenust ning<br \/>\n<\/span><span style=\"font-size: 20px; font-family: Sintony;\">n\u00f5ustame vanade puitehitiste taastamisev\u00f5imalikkuse teemadel.<\/span><\/span><\/p>\n<p style=\"text-align: center;\"><span style=\"color: #000000; font-size: 20px; font-family: Sintony;\"> Ettev\u00f5te omab Muinsuskaitseameti poolt v\u00e4ljastatud tegevusluba nr EMU000292<\/span><\/p>\n<p style=\"text-align: center;\"><span style=\"font-size: 28px;\"><a href=\"http:\/\/mehem.ee\"><span style=\"text-decoration: underline; color: #af8900;\"><span style=\"font-family: Sintony;\">TAGASI PEALEHELE<\/span><\/span><\/a><\/span><\/p>\n","protected":false},"excerpt":{"rendered":"<p>Hoonete konserveerimine ja restaureerimine<\/p>\n","protected":false},"author":1,"featured_media":1155,"parent":0,"menu_order":0,"comment_status":"closed","ping_status":"closed","template":"","meta":{"footnotes":""},"tags":[48,46,47,43,44,42,45],"class_list":["post-303","page","type-page","status-publish","has-post-thumbnail","hentry","tag-ajaloomalestised","tag-jarelvalve","tag-konserveerimine","tag-konsultatsioon","tag-muinsuskaitse","tag-restaureerimine","tag-taastamine"],"_links":{"self":[{"href":"https:\/\/mehem.ee\/et\/wp-json\/wp\/v2\/pages\/303","targetHints":{"allow":["GET"]}}],"collection":[{"href":"https:\/\/mehem.ee\/et\/wp-json\/wp\/v2\/pages"}],"about":[{"href":"https:\/\/mehem.ee\/et\/wp-json\/wp\/v2\/types\/page"}],"author":[{"embeddable":true,"href":"https:\/\/mehem.ee\/et\/wp-json\/wp\/v2\/users\/1"}],"replies":[{"embeddable":true,"href":"https:\/\/mehem.ee\/et\/wp-json\/wp\/v2\/comments?post=303"}],"version-history":[{"count":5,"href":"https:\/\/mehem.ee\/et\/wp-json\/wp\/v2\/pages\/303\/revisions"}],"predecessor-version":[{"id":1515,"href":"https:\/\/mehem.ee\/et\/wp-json\/wp\/v2\/pages\/303\/revisions\/1515"}],"wp:featuredmedia":[{"embeddable":true,"href":"https:\/\/mehem.ee\/et\/wp-json\/wp\/v2\/media\/1155"}],"wp:attachment":[{"href":"https:\/\/mehem.ee\/et\/wp-json\/wp\/v2\/media?parent=303"}],"wp:term":[{"taxonomy":"post_tag","embeddable":true,"href":"https:\/\/mehem.ee\/et\/wp-json\/wp\/v2\/tags?post=303"}],"curies":[{"name":"wp","href":"https:\/\/api.w.org\/{rel}","templated":true}]}}