{"id":299,"date":"2017-02-24T20:48:01","date_gmt":"2017-02-24T18:48:01","guid":{"rendered":"http:\/\/www.mehem.ee\/?page_id=299"},"modified":"2021-10-21T21:29:46","modified_gmt":"2021-10-21T19:29:46","slug":"tarbeesemed-ja-suveniirid","status":"publish","type":"page","link":"https:\/\/mehem.ee\/en\/tarbeesemed-ja-suveniirid\/","title":{"rendered":"SOUVENIRS"},"content":{"rendered":"<p style=\"text-align: center;\"><span style=\"font-size: 28px;\"><a href=\"http:\/\/mehem.ee\/en\/\"><span style=\"text-decoration: underline; color: #af8900;\"><strong><span style=\"font-family: Sintony;\">BACK TO HOMEPAGE<\/span><\/strong><\/span><\/a><\/span><\/p>\n<p style=\"text-align: center;\" class=\"translation-block\">Wooden homeware and souvenirs with a retro touch - a jewellery box, a horse swing, an evergreen flower etc.<\/p>\n<p>&nbsp;<\/p>\n<p>&nbsp;<\/p>\n<div id=\"envira-gallery-wrap-815\" class=\"envira-gallery-wrap envira-gallery-theme-base envira-lightbox-theme-base\" itemscope itemtype=\"https:\/\/schema.org\/ImageGallery\"><div data-row-height=\"\" data-gallery-theme=\"\" id=\"envira-gallery-815\" class=\"envira-gallery-public  envira-gallery-2-columns envira-clear enviratope envira-gallery-css-animations\" data-envira-columns=\"2\"><div id=\"envira-gallery-item-1226\" class=\"envira-gallery-item enviratope-item envira-gallery-item-1\" style=\"padding-left: 5px; padding-bottom: 10px; padding-right: 5px;\"  itemscope itemtype=\"https:\/\/schema.org\/ImageObject\"><div class=\"envira-gallery-item-inner\"><div class=\"envira-gallery-position-overlay  envira-gallery-top-left\"><\/div><div class=\"envira-gallery-position-overlay  envira-gallery-top-right\"><\/div><div class=\"envira-gallery-position-overlay  envira-gallery-bottom-left\"><\/div><div class=\"envira-gallery-position-overlay  envira-gallery-bottom-right\"><\/div><a href=\"http:\/\/www.mehem.ee\/wp-content\/uploads\/2017\/03\/IMG_8905.jpg\" class=\"envira-gallery-815 envira-gallery-link\" rel=\"enviragallery815\" title=\"Lill, mis eal ei n&auml;rtsi\" data-envira-caption=\"Lill, mis eal ei n&auml;rtsi\" data-envira-retina=\"\" data-thumbnail=\"\"  itemprop=\"contentUrl\"><img decoding=\"async\" id=\"envira-gallery-image-1226\" class=\"envira-gallery-image envira-gallery-image-1\" data-envira-index=\"1\" src=\"https:\/\/mehem.ee\/wp-content\/uploads\/2017\/03\/IMG_8905-768x1024.jpg\" data-envira-src=\"https:\/\/mehem.ee\/wp-content\/uploads\/2017\/03\/IMG_8905-768x1024.jpg\" data-envira-gallery-id=\"815\" data-envira-item-id=\"1226\" data-envira-caption=\"Lill, mis eal ei n&auml;rtsi\" alt=\"puidust lill, karikakar, meene, kingitus, puitdisain, k\u00e4sit\u00f6\u00f6\" title=\"Lill, mis eal ei n&amp;auml;rtsi\"  itemprop=\"thumbnailUrl\" data-envira-srcset=\"https:\/\/mehem.ee\/wp-content\/uploads\/2017\/03\/IMG_8905-768x1024.jpg 400w,https:\/\/mehem.ee\/wp-content\/uploads\/2017\/03\/IMG_8905-768x1024.jpg 2x\" srcset=\"https:\/\/mehem.ee\/wp-content\/uploads\/2017\/03\/IMG_8905.jpg 2x\" \/><\/a><\/div><\/div><div id=\"envira-gallery-item-1224\" class=\"envira-gallery-item enviratope-item envira-gallery-item-2\" style=\"padding-left: 5px; padding-bottom: 10px; padding-right: 5px;\"  itemscope itemtype=\"https:\/\/schema.org\/ImageObject\"><div class=\"envira-gallery-item-inner\"><div class=\"envira-gallery-position-overlay  envira-gallery-top-left\"><\/div><div class=\"envira-gallery-position-overlay  envira-gallery-top-right\"><\/div><div class=\"envira-gallery-position-overlay  envira-gallery-bottom-left\"><\/div><div class=\"envira-gallery-position-overlay  envira-gallery-bottom-right\"><\/div><a href=\"http:\/\/www.mehem.ee\/wp-content\/uploads\/2017\/03\/IMG_4001.jpg\" class=\"envira-gallery-815 envira-gallery-link\" rel=\"enviragallery815\" title=\"Kiikhobu\" data-envira-caption=\"Kiikhobu\" data-envira-retina=\"\" data-thumbnail=\"\"  itemprop=\"contentUrl\"><img decoding=\"async\" id=\"envira-gallery-image-1224\" class=\"envira-gallery-image envira-gallery-image-2\" data-envira-index=\"2\" src=\"https:\/\/mehem.ee\/wp-content\/uploads\/2017\/03\/IMG_4001-1024x514.jpg\" data-envira-src=\"https:\/\/mehem.ee\/wp-content\/uploads\/2017\/03\/IMG_4001-1024x514.jpg\" data-envira-gallery-id=\"815\" data-envira-item-id=\"1224\" data-envira-caption=\"Kiikhobu\" alt=\"kiikhobu, traditiooniline k\u00e4sit\u00f6\u00f6, eesti ajaloo p\u00e4rand\" title=\"Kiikhobu\"  itemprop=\"thumbnailUrl\" data-envira-srcset=\"https:\/\/mehem.ee\/wp-content\/uploads\/2017\/03\/IMG_4001-1024x514.jpg 400w,https:\/\/mehem.ee\/wp-content\/uploads\/2017\/03\/IMG_4001-1024x514.jpg 2x\" srcset=\"https:\/\/mehem.ee\/wp-content\/uploads\/2017\/03\/IMG_4001.jpg 2x\" \/><\/a><\/div><\/div><div id=\"envira-gallery-item-1200\" class=\"envira-gallery-item enviratope-item envira-gallery-item-3\" style=\"padding-left: 5px; padding-bottom: 10px; padding-right: 5px;\"  itemscope itemtype=\"https:\/\/schema.org\/ImageObject\"><div class=\"envira-gallery-item-inner\"><div class=\"envira-gallery-position-overlay  envira-gallery-top-left\"><\/div><div class=\"envira-gallery-position-overlay  envira-gallery-top-right\"><\/div><div class=\"envira-gallery-position-overlay  envira-gallery-bottom-left\"><\/div><div class=\"envira-gallery-position-overlay  envira-gallery-bottom-right\"><\/div><a href=\"http:\/\/www.mehem.ee\/wp-content\/uploads\/2017\/03\/FY3A3413.jpeg\" class=\"envira-gallery-815 envira-gallery-link\" rel=\"enviragallery815\" title=\"Saarepuidust laegas\" data-envira-caption=\"Saarepuidust laegas\" data-envira-retina=\"\" data-thumbnail=\"\"  itemprop=\"contentUrl\"><img decoding=\"async\" id=\"envira-gallery-image-1200\" class=\"envira-gallery-image envira-gallery-image-3\" data-envira-index=\"3\" src=\"https:\/\/mehem.ee\/wp-content\/uploads\/2017\/03\/FY3A3413.jpeg\" data-envira-src=\"https:\/\/mehem.ee\/wp-content\/uploads\/2017\/03\/FY3A3413.jpeg\" data-envira-gallery-id=\"815\" data-envira-item-id=\"1200\" data-envira-caption=\"Saarepuidust laegas\" alt=\"karp, puidust karp, ehtekarp, k\u00e4sit\u00f6\u00f6, puitdisain\" title=\"Saarepuidust laegas\"  itemprop=\"thumbnailUrl\" data-envira-srcset=\"https:\/\/mehem.ee\/wp-content\/uploads\/2017\/03\/FY3A3413.jpeg 400w,https:\/\/mehem.ee\/wp-content\/uploads\/2017\/03\/FY3A3413.jpeg 2x\" srcset=\"https:\/\/mehem.ee\/wp-content\/uploads\/2017\/03\/FY3A3413.jpeg 2x\" \/><\/a><\/div><\/div><div id=\"envira-gallery-item-1190\" class=\"envira-gallery-item enviratope-item envira-gallery-item-4\" style=\"padding-left: 5px; padding-bottom: 10px; padding-right: 5px;\"  itemscope itemtype=\"https:\/\/schema.org\/ImageObject\"><div class=\"envira-gallery-item-inner\"><div class=\"envira-gallery-position-overlay  envira-gallery-top-left\"><\/div><div class=\"envira-gallery-position-overlay  envira-gallery-top-right\"><\/div><div class=\"envira-gallery-position-overlay  envira-gallery-bottom-left\"><\/div><div class=\"envira-gallery-position-overlay  envira-gallery-bottom-right\"><\/div><a href=\"http:\/\/www.mehem.ee\/wp-content\/uploads\/2017\/03\/IGP1773.jpg\" class=\"envira-gallery-815 envira-gallery-link\" rel=\"enviragallery815\" title=\"Ehtelaegas\" data-envira-caption=\"Ehtelaegas\" data-envira-retina=\"\" data-thumbnail=\"\"  itemprop=\"contentUrl\"><img decoding=\"async\" id=\"envira-gallery-image-1190\" class=\"envira-gallery-image envira-gallery-image-4\" data-envira-index=\"4\" src=\"https:\/\/mehem.ee\/wp-content\/uploads\/2017\/03\/IGP1773-705x1024.jpg\" data-envira-src=\"https:\/\/mehem.ee\/wp-content\/uploads\/2017\/03\/IGP1773-705x1024.jpg\" data-envira-gallery-id=\"815\" data-envira-item-id=\"1190\" data-envira-caption=\"Ehtelaegas\" alt=\"puidust karp, ehtekarp, k\u00e4sti\u00f6\u00f6\" title=\"Ehtelaegas\"  itemprop=\"thumbnailUrl\" data-envira-srcset=\"https:\/\/mehem.ee\/wp-content\/uploads\/2017\/03\/IGP1773-705x1024.jpg 400w,https:\/\/mehem.ee\/wp-content\/uploads\/2017\/03\/IGP1773-705x1024.jpg 2x\" srcset=\"https:\/\/mehem.ee\/wp-content\/uploads\/2017\/03\/IGP1773.jpg 2x\" \/><\/a><\/div><\/div><div id=\"envira-gallery-item-1175\" class=\"envira-gallery-item enviratope-item envira-gallery-item-5\" style=\"padding-left: 5px; padding-bottom: 10px; padding-right: 5px;\"  itemscope itemtype=\"https:\/\/schema.org\/ImageObject\"><div class=\"envira-gallery-item-inner\"><div class=\"envira-gallery-position-overlay  envira-gallery-top-left\"><\/div><div class=\"envira-gallery-position-overlay  envira-gallery-top-right\"><\/div><div class=\"envira-gallery-position-overlay  envira-gallery-bottom-left\"><\/div><div class=\"envira-gallery-position-overlay  envira-gallery-bottom-right\"><\/div><a href=\"http:\/\/www.mehem.ee\/wp-content\/uploads\/2017\/03\/IGP1665.jpg\" class=\"envira-gallery-815 envira-gallery-link\" rel=\"enviragallery815\" title=\"Serveerimislaud\" data-envira-caption=\"Serveerimislaud\" data-envira-retina=\"\" data-thumbnail=\"\"  itemprop=\"contentUrl\"><img decoding=\"async\" id=\"envira-gallery-image-1175\" class=\"envira-gallery-image envira-gallery-image-5\" data-envira-index=\"5\" src=\"https:\/\/mehem.ee\/wp-content\/uploads\/2017\/03\/IGP1665-1024x685.jpg\" data-envira-src=\"https:\/\/mehem.ee\/wp-content\/uploads\/2017\/03\/IGP1665-1024x685.jpg\" data-envira-gallery-id=\"815\" data-envira-item-id=\"1175\" data-envira-caption=\"Serveerimislaud\" alt=\"diivanilaud, serveerimislaud, puitdisain, k\u00e4sit\u00f6\u00f6\" title=\"Serveerimislaud\"  itemprop=\"thumbnailUrl\" data-envira-srcset=\"https:\/\/mehem.ee\/wp-content\/uploads\/2017\/03\/IGP1665-1024x685.jpg 400w,https:\/\/mehem.ee\/wp-content\/uploads\/2017\/03\/IGP1665-1024x685.jpg 2x\" srcset=\"https:\/\/mehem.ee\/wp-content\/uploads\/2017\/03\/IGP1665.jpg 2x\" \/><\/a><\/div><\/div><div id=\"envira-gallery-item-1170\" class=\"envira-gallery-item enviratope-item envira-gallery-item-6\" style=\"padding-left: 5px; padding-bottom: 10px; padding-right: 5px;\"  itemscope itemtype=\"https:\/\/schema.org\/ImageObject\"><div class=\"envira-gallery-item-inner\"><div class=\"envira-gallery-position-overlay  envira-gallery-top-left\"><\/div><div class=\"envira-gallery-position-overlay  envira-gallery-top-right\"><\/div><div class=\"envira-gallery-position-overlay  envira-gallery-bottom-left\"><\/div><div class=\"envira-gallery-position-overlay  envira-gallery-bottom-right\"><\/div><a href=\"http:\/\/www.mehem.ee\/wp-content\/uploads\/2017\/03\/IGP1352.jpg\" class=\"envira-gallery-815 envira-gallery-link\" rel=\"enviragallery815\" title=\"Saunakopsik\" data-envira-caption=\"Saunakopsik\" data-envira-retina=\"\" data-thumbnail=\"\"  itemprop=\"contentUrl\"><img decoding=\"async\" id=\"envira-gallery-image-1170\" class=\"envira-gallery-image envira-gallery-image-6\" data-envira-index=\"6\" src=\"https:\/\/mehem.ee\/wp-content\/uploads\/2017\/03\/IGP1352-685x1024.jpg\" data-envira-src=\"https:\/\/mehem.ee\/wp-content\/uploads\/2017\/03\/IGP1352-685x1024.jpg\" data-envira-gallery-id=\"815\" data-envira-item-id=\"1170\" data-envira-caption=\"Saunakopsik\" alt=\"suitsusaun, k\u00e4sit\u00f6\u00f6, kapp\" title=\"Saunakopsik\"  itemprop=\"thumbnailUrl\" data-envira-srcset=\"https:\/\/mehem.ee\/wp-content\/uploads\/2017\/03\/IGP1352-685x1024.jpg 400w,https:\/\/mehem.ee\/wp-content\/uploads\/2017\/03\/IGP1352-685x1024.jpg 2x\" srcset=\"https:\/\/mehem.ee\/wp-content\/uploads\/2017\/03\/IGP1352.jpg 2x\" \/><\/a><\/div><\/div><\/div><\/div><noscript><img decoding=\"async\" src=\"https:\/\/mehem.ee\/wp-content\/uploads\/2017\/03\/IMG_8905.jpg\" alt=\"puidust lill, karikakar, meene, kingitus, puitdisain, k\u00e4sit\u00f6\u00f6\" \/><img decoding=\"async\" src=\"https:\/\/mehem.ee\/wp-content\/uploads\/2017\/03\/IMG_4001.jpg\" alt=\"kiikhobu, traditiooniline k\u00e4sit\u00f6\u00f6, eesti ajaloo p\u00e4rand\" \/><img decoding=\"async\" src=\"https:\/\/mehem.ee\/wp-content\/uploads\/2017\/03\/FY3A3413.jpeg\" alt=\"karp, puidust karp, ehtekarp, k\u00e4sit\u00f6\u00f6, puitdisain\" \/><img decoding=\"async\" src=\"https:\/\/mehem.ee\/wp-content\/uploads\/2017\/03\/IGP1773.jpg\" alt=\"puidust karp, ehtekarp, k\u00e4sti\u00f6\u00f6\" \/><img decoding=\"async\" src=\"https:\/\/mehem.ee\/wp-content\/uploads\/2017\/03\/IGP1665.jpg\" alt=\"diivanilaud, serveerimislaud, puitdisain, k\u00e4sit\u00f6\u00f6\" \/><img decoding=\"async\" src=\"https:\/\/mehem.ee\/wp-content\/uploads\/2017\/03\/IGP1352.jpg\" alt=\"suitsusaun, k\u00e4sit\u00f6\u00f6, kapp\" \/><\/noscript>\n<p>&nbsp;<\/p>\n<p style=\"text-align: center;\"><span style=\"font-size: 28px;\"><a href=\"http:\/\/mehem.ee\/en\/\"><span style=\"text-decoration: underline; color: #af8900;\"><strong><span style=\"font-family: Sintony;\">BACK TO HOMEPAGE<\/span><\/strong><\/span><\/a><\/span><\/p>","protected":false},"excerpt":{"rendered":"<p>PRESENTS, SMALL BOXES ETC<\/p>","protected":false},"author":1,"featured_media":1200,"parent":0,"menu_order":0,"comment_status":"closed","ping_status":"closed","template":"","meta":{"footnotes":""},"tags":[36,37,35,38,39,41,40],"class_list":["post-299","page","type-page","status-publish","has-post-thumbnail","hentry","tag-ehtekarp","tag-ehtepuu","tag-karp","tag-kiikhobu","tag-lill","tag-saunakapp","tag-serveerimislaud"],"_links":{"self":[{"href":"https:\/\/mehem.ee\/en\/wp-json\/wp\/v2\/pages\/299","targetHints":{"allow":["GET"]}}],"collection":[{"href":"https:\/\/mehem.ee\/en\/wp-json\/wp\/v2\/pages"}],"about":[{"href":"https:\/\/mehem.ee\/en\/wp-json\/wp\/v2\/types\/page"}],"author":[{"embeddable":true,"href":"https:\/\/mehem.ee\/en\/wp-json\/wp\/v2\/users\/1"}],"replies":[{"embeddable":true,"href":"https:\/\/mehem.ee\/en\/wp-json\/wp\/v2\/comments?post=299"}],"version-history":[{"count":5,"href":"https:\/\/mehem.ee\/en\/wp-json\/wp\/v2\/pages\/299\/revisions"}],"predecessor-version":[{"id":3304,"href":"https:\/\/mehem.ee\/en\/wp-json\/wp\/v2\/pages\/299\/revisions\/3304"}],"wp:featuredmedia":[{"embeddable":true,"href":"https:\/\/mehem.ee\/en\/wp-json\/wp\/v2\/media\/1200"}],"wp:attachment":[{"href":"https:\/\/mehem.ee\/en\/wp-json\/wp\/v2\/media?parent=299"}],"wp:term":[{"taxonomy":"post_tag","embeddable":true,"href":"https:\/\/mehem.ee\/en\/wp-json\/wp\/v2\/tags?post=299"}],"curies":[{"name":"wp","href":"https:\/\/api.w.org\/{rel}","templated":true}]}}