{"id":295,"date":"2017-02-24T18:45:43","date_gmt":"2017-02-24T18:45:43","guid":{"rendered":"http:\/\/www.mehem.ee\/?page_id=295"},"modified":"2017-04-29T22:44:36","modified_gmt":"2017-04-29T20:44:36","slug":"puitmoobel","status":"publish","type":"page","link":"https:\/\/mehem.ee\/en\/puitmoobel\/","title":{"rendered":"WOODEN FURNITURE"},"content":{"rendered":"<p style=\"text-align: center;\"><span style=\"text-decoration: underline; font-size: 28px;\"><a href=\"http:\/\/mehem.ee\/en\/\"><span style=\"color: #af8911; text-decoration: underline;\"><strong><span style=\"font-family: Sintony;\">BACK TO HOMEPAGE<\/span><\/strong><\/span><\/a><\/span><\/p>\n<p>&nbsp;<\/p>\n<p style=\"text-align: center;\"><span style=\"font-size: 20px; font-family: Sintony; color: #000000;\">Rustic and classical style special-made furniture.<\/span><br \/>\n<span style=\"color: #000000;\"> <span style=\"font-size: 20px; font-family: Sintony;\"> We\u2019re desired to find a solution based on your taste and<\/span><span style=\"font-size: 20px; font-family: Sintony;\">\u00a0needs.<\/span><\/span><\/p>\n<p>&nbsp;<\/p>\n<p>&nbsp;<\/p>\n<p>&nbsp;<\/p>\n<p><a id=\"teenused\"><\/a><div id=\"envira-gallery-wrap-790\" class=\"envira-gallery-wrap envira-gallery-theme-base envira-lightbox-theme-base\" itemscope itemtype=\"https:\/\/schema.org\/ImageGallery\"><div data-row-height=\"\" data-gallery-theme=\"\" id=\"envira-gallery-790\" class=\"envira-gallery-public  envira-gallery-2-columns envira-clear enviratope envira-gallery-css-animations\" data-envira-columns=\"2\"><div id=\"envira-gallery-item-1196\" class=\"envira-gallery-item enviratope-item envira-gallery-item-1 envira-lazy-load\" style=\"padding-left: 5px; padding-bottom: 10px; padding-right: 5px;\"  itemscope itemtype=\"https:\/\/schema.org\/ImageObject\"><div class=\"envira-gallery-item-inner\"><div class=\"envira-gallery-position-overlay  envira-gallery-top-left\"><\/div><div class=\"envira-gallery-position-overlay  envira-gallery-top-right\"><\/div><div class=\"envira-gallery-position-overlay  envira-gallery-bottom-left\"><\/div><div class=\"envira-gallery-position-overlay  envira-gallery-bottom-right\"><\/div><a href=\"https:\/\/mehem.ee\/wp-content\/uploads\/2017\/03\/Foto0032-768x515.jpg\" class=\"envira-gallery-790 envira-gallery-link\" rel=\"enviragallery790\" title=\"TV-cabinet\" data-envira-caption=\"Avatud TV kapp\" data-envira-retina=\"\" data-thumbnail=\"\"  itemprop=\"contentUrl\"><div class=\"envira-lazy\" data-test-width=\"768\" data-test-height=\"480\" style=\"padding-bottom:62.5%;\"><img decoding=\"async\" id=\"envira-gallery-image-1196\" class=\"envira-gallery-image envira-gallery-image-1\" data-envira-index=\"1\" src=\"https:\/\/mehem.ee\/wp-content\/uploads\/2017\/03\/Foto0032.jpg\" data-envira-src=\"https:\/\/mehem.ee\/wp-content\/uploads\/2017\/03\/Foto0032.jpg\" data-envira-gallery-id=\"790\" data-envira-item-id=\"1196\" data-envira-caption=\"Avatud TV kapp\" alt=\"telekakapp, tv-kapp, sisustus, k\u00e4sit\u00f6\u00f6\" title=\"TV-cabinet\"  itemprop=\"thumbnailUrl\" data-envira-srcset=\"https:\/\/mehem.ee\/wp-content\/uploads\/2017\/03\/Foto0032.jpg 400w,https:\/\/mehem.ee\/wp-content\/uploads\/2017\/03\/Foto0032.jpg 2x\" srcset=\"data:image\/gif;base64,R0lGODlhAQABAIAAAP\/\/\/\/\/\/\/yH5BAEKAAEALAAAAAABAAEAAAICTAEAOw==\" \/><\/div><\/a><\/div><\/div><div id=\"envira-gallery-item-1195\" class=\"envira-gallery-item enviratope-item envira-gallery-item-2 envira-lazy-load\" style=\"padding-left: 5px; padding-bottom: 10px; padding-right: 5px;\"  itemscope itemtype=\"https:\/\/schema.org\/ImageObject\"><div class=\"envira-gallery-item-inner\"><div class=\"envira-gallery-position-overlay  envira-gallery-top-left\"><\/div><div class=\"envira-gallery-position-overlay  envira-gallery-top-right\"><\/div><div class=\"envira-gallery-position-overlay  envira-gallery-bottom-left\"><\/div><div class=\"envira-gallery-position-overlay  envira-gallery-bottom-right\"><\/div><a href=\"https:\/\/mehem.ee\/wp-content\/uploads\/2017\/03\/Foto0031-768x485.jpg\" class=\"envira-gallery-790 envira-gallery-link\" rel=\"enviragallery790\" title=\"Tv-cabinet\" data-envira-caption=\"Suletud TV kapp\" data-envira-retina=\"\" data-thumbnail=\"\"  itemprop=\"contentUrl\"><div class=\"envira-lazy\" data-test-width=\"768\" data-test-height=\"480\" style=\"padding-bottom:62.5%;\"><img decoding=\"async\" id=\"envira-gallery-image-1195\" class=\"envira-gallery-image envira-gallery-image-2\" data-envira-index=\"2\" src=\"https:\/\/mehem.ee\/wp-content\/uploads\/2017\/03\/Foto0031-1024x646.jpg\" data-envira-src=\"https:\/\/mehem.ee\/wp-content\/uploads\/2017\/03\/Foto0031-1024x646.jpg\" data-envira-gallery-id=\"790\" data-envira-item-id=\"1195\" data-envira-caption=\"Suletud TV kapp\" alt=\"telekakapp, sisustus, k\u00e4sit\u00f6\u00f6\" title=\"Tv-cabinet\"  itemprop=\"thumbnailUrl\" data-envira-srcset=\"https:\/\/mehem.ee\/wp-content\/uploads\/2017\/03\/Foto0031-1024x646.jpg 400w,https:\/\/mehem.ee\/wp-content\/uploads\/2017\/03\/Foto0031-1024x646.jpg 2x\" srcset=\"data:image\/gif;base64,R0lGODlhAQABAIAAAP\/\/\/\/\/\/\/yH5BAEKAAEALAAAAAABAAEAAAICTAEAOw==\" \/><\/div><\/a><\/div><\/div><div id=\"envira-gallery-item-1142\" class=\"envira-gallery-item enviratope-item envira-gallery-item-3 envira-lazy-load\" style=\"padding-left: 5px; padding-bottom: 10px; padding-right: 5px;\"  itemscope itemtype=\"https:\/\/schema.org\/ImageObject\"><div class=\"envira-gallery-item-inner\"><div class=\"envira-gallery-position-overlay  envira-gallery-top-left\"><\/div><div class=\"envira-gallery-position-overlay  envira-gallery-top-right\"><\/div><div class=\"envira-gallery-position-overlay  envira-gallery-bottom-left\"><\/div><div class=\"envira-gallery-position-overlay  envira-gallery-bottom-right\"><\/div><a href=\"https:\/\/mehem.ee\/wp-content\/uploads\/2017\/02\/11100173_963069013784768_1301472543_n.jpg\" class=\"envira-gallery-790 envira-gallery-link\" rel=\"enviragallery790\" title=\"Spiral ornament bench\" data-envira-caption=\"Puidust pink\" data-envira-retina=\"\" data-thumbnail=\"\"  itemprop=\"contentUrl\"><div class=\"envira-lazy\" data-test-width=\"768\" data-test-height=\"480\" style=\"padding-bottom:62.5%;\"><img decoding=\"async\" id=\"envira-gallery-image-1142\" class=\"envira-gallery-image envira-gallery-image-3\" data-envira-index=\"3\" src=\"https:\/\/mehem.ee\/wp-content\/uploads\/2017\/02\/11100173_963069013784768_1301472543_n.jpg\" data-envira-src=\"https:\/\/mehem.ee\/wp-content\/uploads\/2017\/02\/11100173_963069013784768_1301472543_n.jpg\" data-envira-gallery-id=\"790\" data-envira-item-id=\"1142\" data-envira-caption=\"Puidust pink\" alt=\"\" title=\"Spiral ornament bench\"  itemprop=\"thumbnailUrl\" data-envira-srcset=\"https:\/\/mehem.ee\/wp-content\/uploads\/2017\/02\/11100173_963069013784768_1301472543_n.jpg 400w,https:\/\/mehem.ee\/wp-content\/uploads\/2017\/02\/11100173_963069013784768_1301472543_n.jpg 2x\" srcset=\"data:image\/gif;base64,R0lGODlhAQABAIAAAP\/\/\/\/\/\/\/yH5BAEKAAEALAAAAAABAAEAAAICTAEAOw==\" \/><\/div><\/a><\/div><\/div><div id=\"envira-gallery-item-1197\" class=\"envira-gallery-item enviratope-item envira-gallery-item-4 envira-lazy-load\" style=\"padding-left: 5px; padding-bottom: 10px; padding-right: 5px;\"  itemscope itemtype=\"https:\/\/schema.org\/ImageObject\"><div class=\"envira-gallery-item-inner\"><div class=\"envira-gallery-position-overlay  envira-gallery-top-left\"><\/div><div class=\"envira-gallery-position-overlay  envira-gallery-top-right\"><\/div><div class=\"envira-gallery-position-overlay  envira-gallery-bottom-left\"><\/div><div class=\"envira-gallery-position-overlay  envira-gallery-bottom-right\"><\/div><a href=\"https:\/\/mehem.ee\/wp-content\/uploads\/2017\/03\/Foto0045-768x576.jpg\" class=\"envira-gallery-790 envira-gallery-link\" rel=\"enviragallery790\" title=\"Nordic style beds\" data-envira-caption=\"Skandinaavia stiilis kappvoodid\" data-envira-retina=\"\" data-thumbnail=\"\"  itemprop=\"contentUrl\"><div class=\"envira-lazy\" data-test-width=\"768\" data-test-height=\"480\" style=\"padding-bottom:62.5%;\"><img decoding=\"async\" id=\"envira-gallery-image-1197\" class=\"envira-gallery-image envira-gallery-image-4\" data-envira-index=\"4\" src=\"https:\/\/mehem.ee\/wp-content\/uploads\/2017\/03\/Foto0045-1024x768.jpg\" data-envira-src=\"https:\/\/mehem.ee\/wp-content\/uploads\/2017\/03\/Foto0045-1024x768.jpg\" data-envira-gallery-id=\"790\" data-envira-item-id=\"1197\" data-envira-caption=\"Skandinaavia stiilis kappvoodid\" alt=\"lastevoodid, voodid, k\u00e4sit\u00f6\u00f6, puitdisain\" title=\"Nordic style beds\"  itemprop=\"thumbnailUrl\" data-envira-srcset=\"https:\/\/mehem.ee\/wp-content\/uploads\/2017\/03\/Foto0045-1024x768.jpg 400w,https:\/\/mehem.ee\/wp-content\/uploads\/2017\/03\/Foto0045-1024x768.jpg 2x\" srcset=\"data:image\/gif;base64,R0lGODlhAQABAIAAAP\/\/\/\/\/\/\/yH5BAEKAAEALAAAAAABAAEAAAICTAEAOw==\" \/><\/div><\/a><\/div><\/div><div id=\"envira-gallery-item-1192\" class=\"envira-gallery-item enviratope-item envira-gallery-item-5 envira-lazy-load\" style=\"padding-left: 5px; padding-bottom: 10px; padding-right: 5px;\"  itemscope itemtype=\"https:\/\/schema.org\/ImageObject\"><div class=\"envira-gallery-item-inner\"><div class=\"envira-gallery-position-overlay  envira-gallery-top-left\"><\/div><div class=\"envira-gallery-position-overlay  envira-gallery-top-right\"><\/div><div class=\"envira-gallery-position-overlay  envira-gallery-bottom-left\"><\/div><div class=\"envira-gallery-position-overlay  envira-gallery-bottom-right\"><\/div><a href=\"https:\/\/mehem.ee\/wp-content\/uploads\/2017\/03\/12834935_963069990451337_1603432136_n.jpg\" class=\"envira-gallery-790 envira-gallery-link\" rel=\"enviragallery790\" title=\"GRILL-table on wheels\" data-envira-caption=\"Abilaud grillipeole\" data-envira-retina=\"\" data-thumbnail=\"\"  itemprop=\"contentUrl\"><div class=\"envira-lazy\" data-test-width=\"768\" data-test-height=\"480\" style=\"padding-bottom:62.5%;\"><img decoding=\"async\" id=\"envira-gallery-image-1192\" class=\"envira-gallery-image envira-gallery-image-5\" data-envira-index=\"5\" src=\"https:\/\/mehem.ee\/wp-content\/uploads\/2017\/03\/12834935_963069990451337_1603432136_n.jpg\" data-envira-src=\"https:\/\/mehem.ee\/wp-content\/uploads\/2017\/03\/12834935_963069990451337_1603432136_n.jpg\" data-envira-gallery-id=\"790\" data-envira-item-id=\"1192\" data-envira-caption=\"Abilaud grillipeole\" alt=\"\u00f5uelaud, k\u00e4ru, grilllaud, puitdisain, k\u00e4sit\u00f6\u00f6\" title=\"GRILL-table on wheels\"  itemprop=\"thumbnailUrl\" data-envira-srcset=\"https:\/\/mehem.ee\/wp-content\/uploads\/2017\/03\/12834935_963069990451337_1603432136_n.jpg 400w,https:\/\/mehem.ee\/wp-content\/uploads\/2017\/03\/12834935_963069990451337_1603432136_n.jpg 2x\" srcset=\"data:image\/gif;base64,R0lGODlhAQABAIAAAP\/\/\/\/\/\/\/yH5BAEKAAEALAAAAAABAAEAAAICTAEAOw==\" \/><\/div><\/a><\/div><\/div><div id=\"envira-gallery-item-1191\" class=\"envira-gallery-item enviratope-item envira-gallery-item-6 envira-lazy-load\" style=\"padding-left: 5px; padding-bottom: 10px; padding-right: 5px;\"  itemscope itemtype=\"https:\/\/schema.org\/ImageObject\"><div class=\"envira-gallery-item-inner\"><div class=\"envira-gallery-position-overlay  envira-gallery-top-left\"><\/div><div class=\"envira-gallery-position-overlay  envira-gallery-top-right\"><\/div><div class=\"envira-gallery-position-overlay  envira-gallery-bottom-left\"><\/div><div class=\"envira-gallery-position-overlay  envira-gallery-bottom-right\"><\/div><a href=\"https:\/\/mehem.ee\/wp-content\/uploads\/2017\/03\/12822171_963069110451425_984687002_n.jpg\" class=\"envira-gallery-790 envira-gallery-link\" rel=\"enviragallery790\" title=\"GRILL-table on wheels\" data-envira-caption=\"Abilaud grillipeole\" data-envira-retina=\"\" data-thumbnail=\"\"  itemprop=\"contentUrl\"><div class=\"envira-lazy\" data-test-width=\"768\" data-test-height=\"480\" style=\"padding-bottom:62.5%;\"><img decoding=\"async\" id=\"envira-gallery-image-1191\" class=\"envira-gallery-image envira-gallery-image-6\" data-envira-index=\"6\" src=\"https:\/\/mehem.ee\/wp-content\/uploads\/2017\/03\/12822171_963069110451425_984687002_n.jpg\" data-envira-src=\"https:\/\/mehem.ee\/wp-content\/uploads\/2017\/03\/12822171_963069110451425_984687002_n.jpg\" data-envira-gallery-id=\"790\" data-envira-item-id=\"1191\" data-envira-caption=\"Abilaud grillipeole\" alt=\"grillaud, k\u00e4ru, \u00f5uelaud, suvek\u00f6\u00f6k, k\u00e4sit\u00f6\u00f6\" title=\"GRILL-table on wheels\"  itemprop=\"thumbnailUrl\" data-envira-srcset=\"https:\/\/mehem.ee\/wp-content\/uploads\/2017\/03\/12822171_963069110451425_984687002_n.jpg 400w,https:\/\/mehem.ee\/wp-content\/uploads\/2017\/03\/12822171_963069110451425_984687002_n.jpg 2x\" srcset=\"data:image\/gif;base64,R0lGODlhAQABAIAAAP\/\/\/\/\/\/\/yH5BAEKAAEALAAAAAABAAEAAAICTAEAOw==\" \/><\/div><\/a><\/div><\/div><div id=\"envira-gallery-item-1179\" class=\"envira-gallery-item enviratope-item envira-gallery-item-7 envira-lazy-load\" style=\"padding-left: 5px; padding-bottom: 10px; padding-right: 5px;\"  itemscope itemtype=\"https:\/\/schema.org\/ImageObject\"><div class=\"envira-gallery-item-inner\"><div class=\"envira-gallery-position-overlay  envira-gallery-top-left\"><\/div><div class=\"envira-gallery-position-overlay  envira-gallery-top-right\"><\/div><div class=\"envira-gallery-position-overlay  envira-gallery-bottom-left\"><\/div><div class=\"envira-gallery-position-overlay  envira-gallery-bottom-right\"><\/div><a href=\"https:\/\/mehem.ee\/wp-content\/uploads\/2017\/03\/IGP1710-768x514.jpg\" class=\"envira-gallery-790 envira-gallery-link\" rel=\"enviragallery790\" title=\"Bar stool\" data-envira-caption=\"Nahast istmega baaripukk\" data-envira-retina=\"\" data-thumbnail=\"\"  itemprop=\"contentUrl\"><div class=\"envira-lazy\" data-test-width=\"768\" data-test-height=\"480\" style=\"padding-bottom:62.5%;\"><img decoding=\"async\" id=\"envira-gallery-image-1179\" class=\"envira-gallery-image envira-gallery-image-7\" data-envira-index=\"7\" src=\"https:\/\/mehem.ee\/wp-content\/uploads\/2017\/03\/IGP1710-1024x685.jpg\" data-envira-src=\"https:\/\/mehem.ee\/wp-content\/uploads\/2017\/03\/IGP1710-1024x685.jpg\" data-envira-gallery-id=\"790\" data-envira-item-id=\"1179\" data-envira-caption=\"Nahast istmega baaripukk\" alt=\"baaripukk, baaritool, nahk, puitdisain, k\u00e4sit\u00f6\u00f6\" title=\"Bar stool\"  itemprop=\"thumbnailUrl\" data-envira-srcset=\"https:\/\/mehem.ee\/wp-content\/uploads\/2017\/03\/IGP1710-1024x685.jpg 400w,https:\/\/mehem.ee\/wp-content\/uploads\/2017\/03\/IGP1710-1024x685.jpg 2x\" srcset=\"data:image\/gif;base64,R0lGODlhAQABAIAAAP\/\/\/\/\/\/\/yH5BAEKAAEALAAAAAABAAEAAAICTAEAOw==\" \/><\/div><\/a><\/div><\/div><div id=\"envira-gallery-item-1177\" class=\"envira-gallery-item enviratope-item envira-gallery-item-8 envira-lazy-load\" style=\"padding-left: 5px; padding-bottom: 10px; padding-right: 5px;\"  itemscope itemtype=\"https:\/\/schema.org\/ImageObject\"><div class=\"envira-gallery-item-inner\"><div class=\"envira-gallery-position-overlay  envira-gallery-top-left\"><\/div><div class=\"envira-gallery-position-overlay  envira-gallery-top-right\"><\/div><div class=\"envira-gallery-position-overlay  envira-gallery-bottom-left\"><\/div><div class=\"envira-gallery-position-overlay  envira-gallery-bottom-right\"><\/div><a href=\"https:\/\/mehem.ee\/wp-content\/uploads\/2017\/03\/IGP1705-768x1147.jpg\" class=\"envira-gallery-790 envira-gallery-link\" rel=\"enviragallery790\" title=\"Bar stool\" data-envira-caption=\"Nahast istmega baaripukk\" data-envira-retina=\"\" data-thumbnail=\"\"  itemprop=\"contentUrl\"><div class=\"envira-lazy\" data-test-width=\"768\" data-test-height=\"480\" style=\"padding-bottom:62.5%;\"><img decoding=\"async\" id=\"envira-gallery-image-1177\" class=\"envira-gallery-image envira-gallery-image-8\" data-envira-index=\"8\" src=\"https:\/\/mehem.ee\/wp-content\/uploads\/2017\/03\/IGP1705-685x1024.jpg\" data-envira-src=\"https:\/\/mehem.ee\/wp-content\/uploads\/2017\/03\/IGP1705-685x1024.jpg\" data-envira-gallery-id=\"790\" data-envira-item-id=\"1177\" data-envira-caption=\"Nahast istmega baaripukk\" alt=\"baaritool, baaripukk, puittool, k\u00e4sit\u00f6\u00f6, puitdisain\" title=\"Bar stool\"  itemprop=\"thumbnailUrl\" data-envira-srcset=\"https:\/\/mehem.ee\/wp-content\/uploads\/2017\/03\/IGP1705-685x1024.jpg 400w,https:\/\/mehem.ee\/wp-content\/uploads\/2017\/03\/IGP1705-685x1024.jpg 2x\" srcset=\"data:image\/gif;base64,R0lGODlhAQABAIAAAP\/\/\/\/\/\/\/yH5BAEKAAEALAAAAAABAAEAAAICTAEAOw==\" \/><\/div><\/a><\/div><\/div><div id=\"envira-gallery-item-1176\" class=\"envira-gallery-item enviratope-item envira-gallery-item-9 envira-lazy-load\" style=\"padding-left: 5px; padding-bottom: 10px; padding-right: 5px;\"  itemscope itemtype=\"https:\/\/schema.org\/ImageObject\"><div class=\"envira-gallery-item-inner\"><div class=\"envira-gallery-position-overlay  envira-gallery-top-left\"><\/div><div class=\"envira-gallery-position-overlay  envira-gallery-top-right\"><\/div><div class=\"envira-gallery-position-overlay  envira-gallery-bottom-left\"><\/div><div class=\"envira-gallery-position-overlay  envira-gallery-bottom-right\"><\/div><a href=\"https:\/\/mehem.ee\/wp-content\/uploads\/2017\/03\/IGP1671-768x1105.jpg\" class=\"envira-gallery-790 envira-gallery-link\" rel=\"enviragallery790\" title=\"Bar stool\" data-envira-caption=\"Nahast istmega baaripukk\" data-envira-retina=\"\" data-thumbnail=\"\"  itemprop=\"contentUrl\"><div class=\"envira-lazy\" data-test-width=\"768\" data-test-height=\"480\" style=\"padding-bottom:62.5%;\"><img decoding=\"async\" id=\"envira-gallery-image-1176\" class=\"envira-gallery-image envira-gallery-image-9\" data-envira-index=\"9\" src=\"https:\/\/mehem.ee\/wp-content\/uploads\/2017\/03\/IGP1671-711x1024.jpg\" data-envira-src=\"https:\/\/mehem.ee\/wp-content\/uploads\/2017\/03\/IGP1671-711x1024.jpg\" data-envira-gallery-id=\"790\" data-envira-item-id=\"1176\" data-envira-caption=\"Nahast istmega baaripukk\" alt=\"baaripukk, baaritool, puitdisain, k\u00e4sit\u00f6\u00f6\" title=\"Bar stool\"  itemprop=\"thumbnailUrl\" data-envira-srcset=\"https:\/\/mehem.ee\/wp-content\/uploads\/2017\/03\/IGP1671-711x1024.jpg 400w,https:\/\/mehem.ee\/wp-content\/uploads\/2017\/03\/IGP1671-711x1024.jpg 2x\" srcset=\"data:image\/gif;base64,R0lGODlhAQABAIAAAP\/\/\/\/\/\/\/yH5BAEKAAEALAAAAAABAAEAAAICTAEAOw==\" \/><\/div><\/a><\/div><\/div><div id=\"envira-gallery-item-1164\" class=\"envira-gallery-item enviratope-item envira-gallery-item-10 envira-lazy-load\" style=\"padding-left: 5px; padding-bottom: 10px; padding-right: 5px;\"  itemscope itemtype=\"https:\/\/schema.org\/ImageObject\"><div class=\"envira-gallery-item-inner\"><div class=\"envira-gallery-position-overlay  envira-gallery-top-left\"><\/div><div class=\"envira-gallery-position-overlay  envira-gallery-top-right\"><\/div><div class=\"envira-gallery-position-overlay  envira-gallery-bottom-left\"><\/div><div class=\"envira-gallery-position-overlay  envira-gallery-bottom-right\"><\/div><a href=\"https:\/\/mehem.ee\/wp-content\/uploads\/2017\/02\/IMG_2947.jpg\" class=\"envira-gallery-790 envira-gallery-link\" rel=\"enviragallery790\" title=\"KITCHEN ISLAND\" data-envira-caption=\"Ristpuidust plaadiga k&ouml;&ouml;gisaar\" data-envira-retina=\"\" data-thumbnail=\"\"  itemprop=\"contentUrl\"><div class=\"envira-lazy\" data-test-width=\"768\" data-test-height=\"480\" style=\"padding-bottom:62.5%;\"><img decoding=\"async\" id=\"envira-gallery-image-1164\" class=\"envira-gallery-image envira-gallery-image-10\" data-envira-index=\"10\" src=\"https:\/\/mehem.ee\/wp-content\/uploads\/2017\/02\/IMG_2947.jpg\" data-envira-src=\"https:\/\/mehem.ee\/wp-content\/uploads\/2017\/02\/IMG_2947.jpg\" data-envira-gallery-id=\"790\" data-envira-item-id=\"1164\" data-envira-caption=\"Ristpuidust plaadiga k&ouml;&ouml;gisaar\" alt=\"k\u00f6\u00f6gilaud, puitlaud, k\u00e4sit\u00f6\u00f6\" title=\"Ristpuidust plaadiga k&amp;ouml;&amp;ouml;gisaar\"  itemprop=\"thumbnailUrl\" data-envira-srcset=\"https:\/\/mehem.ee\/wp-content\/uploads\/2017\/02\/IMG_2947.jpg 400w,https:\/\/mehem.ee\/wp-content\/uploads\/2017\/02\/IMG_2947.jpg 2x\" srcset=\"data:image\/gif;base64,R0lGODlhAQABAIAAAP\/\/\/\/\/\/\/yH5BAEKAAEALAAAAAABAAEAAAICTAEAOw==\" \/><\/div><\/a><\/div><\/div><\/div><\/div><noscript><img decoding=\"async\" src=\"https:\/\/mehem.ee\/wp-content\/uploads\/2017\/03\/Foto0032.jpg\" alt=\"telekakapp, tv-kapp, sisustus, k\u00e4sit\u00f6\u00f6\" \/><img decoding=\"async\" src=\"https:\/\/mehem.ee\/wp-content\/uploads\/2017\/03\/Foto0031.jpg\" alt=\"telekakapp, sisustus, k\u00e4sit\u00f6\u00f6\" \/><img decoding=\"async\" src=\"https:\/\/mehem.ee\/wp-content\/uploads\/2017\/02\/11100173_963069013784768_1301472543_n.jpg\" alt=\"\" \/><img decoding=\"async\" src=\"https:\/\/mehem.ee\/wp-content\/uploads\/2017\/03\/Foto0045.jpg\" alt=\"lastevoodid, voodid, k\u00e4sit\u00f6\u00f6, puitdisain\" \/><img decoding=\"async\" src=\"https:\/\/mehem.ee\/wp-content\/uploads\/2017\/03\/12834935_963069990451337_1603432136_n.jpg\" alt=\"\u00f5uelaud, k\u00e4ru, grilllaud, puitdisain, k\u00e4sit\u00f6\u00f6\" \/><img decoding=\"async\" src=\"https:\/\/mehem.ee\/wp-content\/uploads\/2017\/03\/12822171_963069110451425_984687002_n.jpg\" alt=\"grillaud, k\u00e4ru, \u00f5uelaud, suvek\u00f6\u00f6k, k\u00e4sit\u00f6\u00f6\" \/><img decoding=\"async\" src=\"https:\/\/mehem.ee\/wp-content\/uploads\/2017\/03\/IGP1710.jpg\" alt=\"baaripukk, baaritool, nahk, puitdisain, k\u00e4sit\u00f6\u00f6\" \/><img decoding=\"async\" src=\"https:\/\/mehem.ee\/wp-content\/uploads\/2017\/03\/IGP1705.jpg\" alt=\"baaritool, baaripukk, puittool, k\u00e4sit\u00f6\u00f6, puitdisain\" \/><img decoding=\"async\" src=\"https:\/\/mehem.ee\/wp-content\/uploads\/2017\/03\/IGP1671.jpg\" alt=\"baaripukk, baaritool, puitdisain, k\u00e4sit\u00f6\u00f6\" \/><img decoding=\"async\" src=\"https:\/\/mehem.ee\/wp-content\/uploads\/2017\/02\/IMG_2947.jpg\" alt=\"k\u00f6\u00f6gilaud, puitlaud, k\u00e4sit\u00f6\u00f6\" \/><\/noscript><\/p>\n<p>&nbsp;<\/p>\n<p style=\"text-align: center;\"><span style=\"text-decoration: underline; font-size: 28px;\"><a href=\"http:\/\/mehem.ee\/en\/\"><span style=\"color: #af8911;\"><strong><span style=\"font-family: Sintony;\">BACK TO HOMEPAGE<\/span><\/strong><\/span><\/a><\/span><\/p>","protected":false},"excerpt":{"rendered":"<p>CHAIRS, BENCHES, CABINETS, KITCHENS, BEDS<\/p>","protected":false},"author":1,"featured_media":1142,"parent":0,"menu_order":0,"comment_status":"closed","ping_status":"closed","template":"","meta":{"footnotes":""},"tags":[34,29,32,31,33,30,28],"class_list":["post-295","page","type-page","status-publish","has-post-thumbnail","hentry","tag-baaritool","tag-kapp","tag-koogilaud","tag-koogisisustus","tag-tool","tag-tv-kapp","tag-voodi"],"_links":{"self":[{"href":"https:\/\/mehem.ee\/en\/wp-json\/wp\/v2\/pages\/295","targetHints":{"allow":["GET"]}}],"collection":[{"href":"https:\/\/mehem.ee\/en\/wp-json\/wp\/v2\/pages"}],"about":[{"href":"https:\/\/mehem.ee\/en\/wp-json\/wp\/v2\/types\/page"}],"author":[{"embeddable":true,"href":"https:\/\/mehem.ee\/en\/wp-json\/wp\/v2\/users\/1"}],"replies":[{"embeddable":true,"href":"https:\/\/mehem.ee\/en\/wp-json\/wp\/v2\/comments?post=295"}],"version-history":[{"count":5,"href":"https:\/\/mehem.ee\/en\/wp-json\/wp\/v2\/pages\/295\/revisions"}],"predecessor-version":[{"id":1489,"href":"https:\/\/mehem.ee\/en\/wp-json\/wp\/v2\/pages\/295\/revisions\/1489"}],"wp:featuredmedia":[{"embeddable":true,"href":"https:\/\/mehem.ee\/en\/wp-json\/wp\/v2\/media\/1142"}],"wp:attachment":[{"href":"https:\/\/mehem.ee\/en\/wp-json\/wp\/v2\/media?parent=295"}],"wp:term":[{"taxonomy":"post_tag","embeddable":true,"href":"https:\/\/mehem.ee\/en\/wp-json\/wp\/v2\/tags?post=295"}],"curies":[{"name":"wp","href":"https:\/\/api.w.org\/{rel}","templated":true}]}}