{"id":2,"date":"2017-02-10T11:47:54","date_gmt":"2017-02-10T11:47:54","guid":{"rendered":"http:\/\/localhost:8888\/mehemdesign\/?page_id=2"},"modified":"2017-06-14T20:51:07","modified_gmt":"2017-06-14T18:51:07","slug":"mehemist","status":"publish","type":"page","link":"https:\/\/mehem.ee\/en\/mehemist\/","title":{"rendered":""},"content":{"rendered":"<p style=\"text-align: center;\"><span style=\"font-size: 24px; font-family: Sintony;\"><a id=\"mehem-design\"><\/a><\/span><\/p>\n<p style=\"text-align: center;\"><span style=\"font-size: 32px;\">\u00a0<strong><img loading=\"lazy\" decoding=\"async\" class=\"aligncenter wp-image-1424 size-full\" src=\"http:\/\/www.mehem.ee\/wp-content\/uploads\/2017\/04\/cropped-hand-planer-icon-e1493466527805.png\" alt=\"\" width=\"50\" height=\"50\" \/><\/strong><\/span><\/p>\n<p style=\"text-align: center;\"><span style=\"font-family: Sintony; color: #ffffff; font-size: 20px;\">\u00b7<\/span><\/p>\n<p style=\"text-align: center;\"><span style=\"font-family: Sintony; color: #ffffff; font-size: 20px;\">\u00b7<\/span><\/p>\n<p style=\"text-align: center;\"><span style=\"font-family: Sintony; color: #000000; font-size: 20px;\">Wood, which we mostly get from our own sustainably managed forests,\nis versatile, renewable raw material.<\/span><\/p>\n<p style=\"text-align: center;\"><span style=\"font-size: 20px; color: #000000;\"><span style=\"font-family: Sintony;\"> It's absolutely splendid thanks to its strength, elasticity and incomparable texture.<br \/>\nMaking functional and durable goods from wood is<br \/>\ndependent on two aspects: knowledge and skills.<br \/>\n<\/span><span style=\"font-family: Sintony;\">These two are jointed into our wood projects.<\/span><\/span><\/p>\n<p style=\"text-align: center;\"><span style=\"color: #ffffff;\">\u00b7<\/span><\/p>\n<p style=\"text-align: center;\"><span style=\"font-family: Sintony; color: #000000; font-size: 32px;\">\u00b7<br \/>\n<span style=\"font-family: Allura;\">Good quality handicraft,<\/span><br \/>\n<span style=\"font-family: Allura;\"> combined with the right methods<\/span><br \/>\n<span style=\"font-family: Allura;\"> assures us a unique and prefessional result.<\/span><\/span><\/p>\n<p style=\"text-align: center;\"><span style=\"color: #000000; font-size: 32px;\">\u00b7<\/span><\/p>\n<p style=\"text-align: center;\"><span style=\"font-size: 20px; font-family: Sintony; color: #ffffff;\">\u00b7<\/span><\/p>\n<p style=\"text-align: center;\"><span style=\"font-size: 20px; font-family: Sintony; color: #000000;\"><br \/>\nWe dedicate ourselves to creating wooden products<br \/>\nwith a perfect balance of beauty and usefulness.\u00a0<\/span><\/p>\n<p style=\"text-align: center;\"><span style=\"font-size: 20px; color: #000000;\"><span style=\"font-family: Sintony;\">Drawing on timeless techniques of the past masters<br \/>\nour inspiration comes from the crispness<br \/>\n<\/span><span style=\"font-family: Sintony;\">of Nordic design, ethnic styles,<br \/>\nand our rich national cultural legacy.<\/span><\/span><\/p>\n<p>&nbsp;<\/p>\n<p style=\"text-align: center;\"><span style=\"font-size: 32px; color: #ffffff;\">\u00b7<\/span><\/p>\n<p style=\"text-align: center;\"><span style=\"font-size: 32px;\"><img loading=\"lazy\" decoding=\"async\" class=\"aligncenter wp-image-1357\" src=\"http:\/\/www.mehem.ee\/wp-content\/uploads\/2017\/03\/logo5hele-2-1.png\" alt=\"\" width=\"500\" height=\"162\" srcset=\"https:\/\/mehem.ee\/wp-content\/uploads\/2017\/03\/logo5hele-2-1.png 640w, https:\/\/mehem.ee\/wp-content\/uploads\/2017\/03\/logo5hele-2-1-300x98.png 300w\" sizes=\"auto, (max-width: 500px) 100vw, 500px\" \/><\/span><\/p>\n<p>&nbsp;<\/p>\n<p style=\"text-align: center;\"><span style=\"font-size: 32px; color: #ffffff;\">\u00b7<\/span><\/p>\n<p style=\"text-align: center;\"><strong><span style=\"font-size: 32px; color: #ffffff;\">\u00b7<\/span><br \/>\n<span style=\"font-size: 32px; color: #ffffff;\">\u00b7<\/span><br \/>\n<\/strong><\/p>\n<p style=\"text-align: center;\"><a id=\"portfoolio\"><\/a><\/p>\n<div id=\"envira-gallery-wrap-149\" class=\"envira-gallery-wrap envira-gallery-theme-base envira-lightbox-theme-base\" itemscope itemtype=\"https:\/\/schema.org\/ImageGallery\"><div data-row-height=\"\" data-gallery-theme=\"\" id=\"envira-gallery-149\" class=\"envira-gallery-public  envira-gallery-2-columns envira-clear enviratope envira-gallery-css-animations\" data-envira-columns=\"2\"><div id=\"envira-gallery-item-1406\" class=\"envira-gallery-item enviratope-item envira-gallery-item-1\" style=\"padding-left: 5px; padding-bottom: 10px; padding-right: 5px;\"  itemscope itemtype=\"https:\/\/schema.org\/ImageObject\"><div class=\"envira-gallery-item-inner\"><div class=\"envira-gallery-position-overlay  envira-gallery-top-left\"><\/div><div class=\"envira-gallery-position-overlay  envira-gallery-top-right\"><\/div><div class=\"envira-gallery-position-overlay  envira-gallery-bottom-left\"><\/div><div class=\"envira-gallery-position-overlay  envira-gallery-bottom-right\"><\/div><img decoding=\"async\" id=\"envira-gallery-image-1406\" class=\"envira-gallery-image envira-gallery-image-1\" data-envira-index=\"1\" src=\"https:\/\/mehem.ee\/wp-content\/uploads\/2017\/03\/suitsusaun-1024x640.jpg\" data-envira-src=\"https:\/\/mehem.ee\/wp-content\/uploads\/2017\/03\/suitsusaun-1024x640.jpg\" data-envira-gallery-id=\"149\" data-envira-item-id=\"1406\" data-envira-caption=\"Suitsusaun Kaustes\" alt=\"Suitsusaun Kaustes\" title=\"Smoke sauna in Kauste\"  itemprop=\"thumbnailUrl\" data-envira-srcset=\"https:\/\/mehem.ee\/wp-content\/uploads\/2017\/03\/suitsusaun-1024x640.jpg 400w,https:\/\/mehem.ee\/wp-content\/uploads\/2017\/03\/suitsusaun-1024x640.jpg 2x\" srcset=\"https:\/\/mehem.ee\/wp-content\/uploads\/2017\/03\/suitsusaun.jpg 2x\" \/><\/div><\/div><div id=\"envira-gallery-item-1160\" class=\"envira-gallery-item enviratope-item envira-gallery-item-2\" style=\"padding-left: 5px; padding-bottom: 10px; padding-right: 5px;\"  itemscope itemtype=\"https:\/\/schema.org\/ImageObject\"><div class=\"envira-gallery-item-inner\"><div class=\"envira-gallery-position-overlay  envira-gallery-top-left\"><\/div><div class=\"envira-gallery-position-overlay  envira-gallery-top-right\"><\/div><div class=\"envira-gallery-position-overlay  envira-gallery-bottom-left\"><\/div><div class=\"envira-gallery-position-overlay  envira-gallery-bottom-right\"><\/div><img decoding=\"async\" id=\"envira-gallery-image-1160\" class=\"envira-gallery-image envira-gallery-image-2\" data-envira-index=\"2\" src=\"https:\/\/mehem.ee\/wp-content\/uploads\/2017\/02\/IGP1368-1024x805.jpg\" data-envira-src=\"https:\/\/mehem.ee\/wp-content\/uploads\/2017\/02\/IGP1368-1024x805.jpg\" data-envira-gallery-id=\"149\" data-envira-item-id=\"1160\" data-envira-caption=\"Suitsusaun N&otilde;mbas\" alt=\"kolme ruumiga suitsusaun\" title=\"Suitsusaun N&amp;otilde;mbas\"  itemprop=\"thumbnailUrl\" data-envira-srcset=\"https:\/\/mehem.ee\/wp-content\/uploads\/2017\/02\/IGP1368-1024x805.jpg 400w,https:\/\/mehem.ee\/wp-content\/uploads\/2017\/02\/IGP1368-1024x805.jpg 2x\" srcset=\"https:\/\/mehem.ee\/wp-content\/uploads\/2017\/02\/IGP1368.jpg 2x\" \/><\/div><\/div><div id=\"envira-gallery-item-1521\" class=\"envira-gallery-item enviratope-item envira-gallery-item-3\" style=\"padding-left: 5px; padding-bottom: 10px; padding-right: 5px;\"  itemscope itemtype=\"https:\/\/schema.org\/ImageObject\"><div class=\"envira-gallery-item-inner\"><div class=\"envira-gallery-position-overlay  envira-gallery-top-left\"><\/div><div class=\"envira-gallery-position-overlay  envira-gallery-top-right\"><\/div><div class=\"envira-gallery-position-overlay  envira-gallery-bottom-left\"><\/div><div class=\"envira-gallery-position-overlay  envira-gallery-bottom-right\"><\/div><img decoding=\"async\" id=\"envira-gallery-image-1521\" class=\"envira-gallery-image envira-gallery-image-3\" data-envira-index=\"3\" src=\"https:\/\/mehem.ee\/wp-content\/uploads\/2017\/02\/veski1-683x1024.jpg\" data-envira-src=\"https:\/\/mehem.ee\/wp-content\/uploads\/2017\/02\/veski1-683x1024.jpg\" data-envira-gallery-id=\"149\" data-envira-item-id=\"1521\" data-envira-caption=\"Tuulik-suvemaja\" alt=\"\" title=\"WINDMILL-SUMMERHOUSE\"  itemprop=\"thumbnailUrl\" data-envira-srcset=\"https:\/\/mehem.ee\/wp-content\/uploads\/2017\/02\/veski1-683x1024.jpg 400w,https:\/\/mehem.ee\/wp-content\/uploads\/2017\/02\/veski1-683x1024.jpg 2x\" srcset=\"https:\/\/mehem.ee\/wp-content\/uploads\/2017\/02\/veski1.jpg 2x\" \/><\/div><\/div><div id=\"envira-gallery-item-1231\" class=\"envira-gallery-item enviratope-item envira-gallery-item-4\" style=\"padding-left: 5px; padding-bottom: 10px; padding-right: 5px;\"  itemscope itemtype=\"https:\/\/schema.org\/ImageObject\"><div class=\"envira-gallery-item-inner\"><div class=\"envira-gallery-position-overlay  envira-gallery-top-left\"><\/div><div class=\"envira-gallery-position-overlay  envira-gallery-top-right\"><\/div><div class=\"envira-gallery-position-overlay  envira-gallery-bottom-left\"><\/div><div class=\"envira-gallery-position-overlay  envira-gallery-bottom-right\"><\/div><img decoding=\"async\" id=\"envira-gallery-image-1231\" class=\"envira-gallery-image envira-gallery-image-4\" data-envira-index=\"4\" src=\"https:\/\/mehem.ee\/wp-content\/uploads\/2017\/03\/Suvemaja-Tahkunas.jpg\" data-envira-src=\"https:\/\/mehem.ee\/wp-content\/uploads\/2017\/03\/Suvemaja-Tahkunas.jpg\" data-envira-gallery-id=\"149\" data-envira-item-id=\"1231\" data-envira-caption=\"Suvemaja Tahkunas\" alt=\"\" title=\"Suvemaja Tahkunas\"  itemprop=\"thumbnailUrl\" data-envira-srcset=\"https:\/\/mehem.ee\/wp-content\/uploads\/2017\/03\/Suvemaja-Tahkunas.jpg 400w,https:\/\/mehem.ee\/wp-content\/uploads\/2017\/03\/Suvemaja-Tahkunas.jpg 2x\" srcset=\"https:\/\/mehem.ee\/wp-content\/uploads\/2017\/03\/Suvemaja-Tahkunas.jpg 2x\" \/><\/div><\/div><div id=\"envira-gallery-item-1215\" class=\"envira-gallery-item enviratope-item envira-gallery-item-5\" style=\"padding-left: 5px; padding-bottom: 10px; padding-right: 5px;\"  itemscope itemtype=\"https:\/\/schema.org\/ImageObject\"><div class=\"envira-gallery-item-inner\"><div class=\"envira-gallery-position-overlay  envira-gallery-top-left\"><\/div><div class=\"envira-gallery-position-overlay  envira-gallery-top-right\"><\/div><div class=\"envira-gallery-position-overlay  envira-gallery-bottom-left\"><\/div><div class=\"envira-gallery-position-overlay  envira-gallery-bottom-right\"><\/div><img decoding=\"async\" id=\"envira-gallery-image-1215\" class=\"envira-gallery-image envira-gallery-image-5\" data-envira-index=\"5\" src=\"https:\/\/mehem.ee\/wp-content\/uploads\/2017\/03\/IMG_2604-1024x801.jpg\" data-envira-src=\"https:\/\/mehem.ee\/wp-content\/uploads\/2017\/03\/IMG_2604-1024x801.jpg\" data-envira-gallery-id=\"149\" data-envira-item-id=\"1215\" data-envira-caption=\"V&auml;litrepp\" alt=\"\" title=\"V&amp;auml;litrepp\"  itemprop=\"thumbnailUrl\" data-envira-srcset=\"https:\/\/mehem.ee\/wp-content\/uploads\/2017\/03\/IMG_2604-1024x801.jpg 400w,https:\/\/mehem.ee\/wp-content\/uploads\/2017\/03\/IMG_2604-1024x801.jpg 2x\" srcset=\"https:\/\/mehem.ee\/wp-content\/uploads\/2017\/03\/IMG_2604.jpg 2x\" \/><\/div><\/div><div id=\"envira-gallery-item-1412\" class=\"envira-gallery-item enviratope-item envira-gallery-item-6\" style=\"padding-left: 5px; padding-bottom: 10px; padding-right: 5px;\"  itemscope itemtype=\"https:\/\/schema.org\/ImageObject\"><div class=\"envira-gallery-item-inner\"><div class=\"envira-gallery-position-overlay  envira-gallery-top-left\"><\/div><div class=\"envira-gallery-position-overlay  envira-gallery-top-right\"><\/div><div class=\"envira-gallery-position-overlay  envira-gallery-bottom-left\"><\/div><div class=\"envira-gallery-position-overlay  envira-gallery-bottom-right\"><\/div><img decoding=\"async\" id=\"envira-gallery-image-1412\" class=\"envira-gallery-image envira-gallery-image-6\" data-envira-index=\"6\" src=\"https:\/\/mehem.ee\/wp-content\/uploads\/2017\/03\/FY3A3468-1.jpg\" data-envira-src=\"https:\/\/mehem.ee\/wp-content\/uploads\/2017\/03\/FY3A3468-1.jpg\" data-envira-gallery-id=\"149\" data-envira-item-id=\"1412\" data-envira-caption=\"Leivak&uuml;na\" alt=\"\" title=\"Leivak&amp;uuml;na\"  itemprop=\"thumbnailUrl\" data-envira-srcset=\"https:\/\/mehem.ee\/wp-content\/uploads\/2017\/03\/FY3A3468-1.jpg 400w,https:\/\/mehem.ee\/wp-content\/uploads\/2017\/03\/FY3A3468-1.jpg 2x\" srcset=\"https:\/\/mehem.ee\/wp-content\/uploads\/2017\/03\/FY3A3468-1.jpg 2x\" \/><\/div><\/div><\/div><\/div><noscript><img decoding=\"async\" src=\"https:\/\/mehem.ee\/wp-content\/uploads\/2017\/03\/suitsusaun.jpg\" alt=\"Suitsusaun Kaustes\" \/><img decoding=\"async\" src=\"https:\/\/mehem.ee\/wp-content\/uploads\/2017\/02\/IGP1368.jpg\" alt=\"kolme ruumiga suitsusaun\" \/><img decoding=\"async\" src=\"https:\/\/mehem.ee\/wp-content\/uploads\/2017\/02\/veski1.jpg\" alt=\"\" \/><img decoding=\"async\" src=\"https:\/\/mehem.ee\/wp-content\/uploads\/2017\/03\/Suvemaja-Tahkunas.jpg\" alt=\"\" \/><img decoding=\"async\" src=\"https:\/\/mehem.ee\/wp-content\/uploads\/2017\/03\/IMG_2604.jpg\" alt=\"\" \/><img decoding=\"async\" src=\"https:\/\/mehem.ee\/wp-content\/uploads\/2017\/03\/FY3A3468-1.jpg\" alt=\"\" \/><\/noscript>\n<p>&nbsp;<\/p>\n<p style=\"text-align: center;\"><span style=\"font-size: 20px; font-family: Sintony;\"><span style=\"color: #000000;\">See our portfolio\u00a0<\/span><span style=\"text-decoration: underline; color: #af8900;\"><span style=\"font-size: 24px;\"><strong><a style=\"color: #af8900; text-decoration: underline;\" href=\"https:\/\/mehem.ee\/en\/portfoolio\/\">HERE<\/a><\/strong><\/span><\/span><\/span><\/p>\n<p style=\"text-align: center;\"><a id=\"teenused\"><\/a><\/p>","protected":false},"excerpt":{"rendered":"<p>\u00a0 \u00b7 \u00b7 Puit on v\u00e4ga mitmek\u00fclgsete kasutusv\u00f5imalustega taastuv tooraine. See on suurep\u00e4rane materjal oma tugevuse, elastsuse ja v\u00f5rratu tekstuuri t\u00f5ttu. Funktsionaalsete ja vastupidavate puidust esemete valmistamine s\u00f5ltub kahest aspektist: teadmistest ja oskustest. Just need kaks tegurit on omavahel p\u00f5imunud meie valmistatud puidust esemetes. \u00b7 \u00b7 Hea ja kvaliteetne k\u00e4sit\u00f6\u00f6, kombineerituna \u00f5igete t\u00f6\u00f6vahendite ja \u2013meetoditega, [&hellip;]<\/p>","protected":false},"author":1,"featured_media":0,"parent":0,"menu_order":0,"comment_status":"closed","ping_status":"open","template":"","meta":{"footnotes":""},"tags":[54,56,53,55],"class_list":["post-2","page","type-page","status-publish","hentry","tag-ettevottest","tag-mehemist","tag-meist","tag-meistrist"],"_links":{"self":[{"href":"https:\/\/mehem.ee\/en\/wp-json\/wp\/v2\/pages\/2","targetHints":{"allow":["GET"]}}],"collection":[{"href":"https:\/\/mehem.ee\/en\/wp-json\/wp\/v2\/pages"}],"about":[{"href":"https:\/\/mehem.ee\/en\/wp-json\/wp\/v2\/types\/page"}],"author":[{"embeddable":true,"href":"https:\/\/mehem.ee\/en\/wp-json\/wp\/v2\/users\/1"}],"replies":[{"embeddable":true,"href":"https:\/\/mehem.ee\/en\/wp-json\/wp\/v2\/comments?post=2"}],"version-history":[{"count":5,"href":"https:\/\/mehem.ee\/en\/wp-json\/wp\/v2\/pages\/2\/revisions"}],"predecessor-version":[{"id":1507,"href":"https:\/\/mehem.ee\/en\/wp-json\/wp\/v2\/pages\/2\/revisions\/1507"}],"wp:attachment":[{"href":"https:\/\/mehem.ee\/en\/wp-json\/wp\/v2\/media?parent=2"}],"wp:term":[{"taxonomy":"post_tag","embeddable":true,"href":"https:\/\/mehem.ee\/en\/wp-json\/wp\/v2\/tags?post=2"}],"curies":[{"name":"wp","href":"https:\/\/api.w.org\/{rel}","templated":true}]}}